{"id":5654,"date":"2019-10-14T07:21:57","date_gmt":"2019-10-14T07:21:57","guid":{"rendered":"http:\/\/www.zaproszeniaslubwesele.pl\/?page_id=5654"},"modified":"2021-01-08T20:27:29","modified_gmt":"2021-01-08T20:27:29","slug":"kontakt-dp","status":"publish","type":"page","link":"https:\/\/www.zaproszeniaslubwesele.pl\/?page_id=5654","title":{"rendered":"Kontakt DP"},"content":{"rendered":"<p>[et_pb_section admin_label=&#8221;section&#8221;][et_pb_row admin_label=&#8221;row&#8221;][et_pb_column type=&#8221;2_3&#8243;][et_pb_text admin_label=&#8221;Tekst&#8221; background_layout=&#8221;light&#8221; text_orientation=&#8221;left&#8221; text_font_size=&#8221;14&#8243; use_border_color=&#8221;off&#8221; border_color=&#8221;#ffffff&#8221; border_style=&#8221;solid&#8221;]<\/p>\n<h2><span style=\"color: #c2b3a6;\">Kochani, to wa\u017cne!<\/span><\/h2>\n<p>Piecze nad stron\u0105 <strong>www.zproszeniaslubwesele.pl<\/strong> sprawuje w ca\u0142o\u015bci Pracownia dekoratorska Marta Donarska b\u0119d\u0105ca tw\u00f3rc\u0105 marki <em><strong>Dekoracje Plus.<\/strong><\/em><br \/>\nNa niniejszej stronie znajduje si\u0119 w wi\u0119kszo\u015bci portfolio pracowni <strong><em>Dekoracje Plus<\/em><\/strong> z szacunkowymi cenami pogl\u0105dowymi, by\u015bcie mieli podgl\u0105d jaka jest cena wyj\u015bciowa danego produktu.<br \/>\n<strong>Nasze PM<\/strong> (Pary M\u0142ode) <strong>korzystaj\u0105ce z us\u0142ug dekoracji zapraszamy do wyboru stylu i formy zaproszenia<\/strong> spo\u015br\u00f3d wszystkich wzor\u00f3w, gdy\u017c to w\u0142a\u015bnie g\u0142\u00f3wnie dla nich to pogl\u0105dowe portfolio zosta\u0142o stworzone, by \u0142atwiej dopasowa\u0107 styl papeterii i dodatk\u00f3w do dekoracji na sali.<\/p>\n<p><strong>Osoby INDYWIDUALNE<\/strong> (czyli takie, <span style=\"color: #ff0000;\"><strong>kt\u00f3re nie s\u0105 klientami na us\u0142ugi dekoratorskie<\/strong> <\/span>naszej firmy) <strong>zainteresowane ofert\u0105 prosimy o kontakt telefoniczny,<\/strong> gdy\u017c mo\u017cliwo\u015b\u0107 dokonania zam\u00f3wienia przez nie jest \u015bci\u015ble okre\u015blona w czasie i mo\u017ce nast\u0105pi\u0107 tylko i wy\u0142\u0105cznie po wcze\u015bniejszym kontakcie telefonicznym i ustaleniu terminu oraz formy dokonania zam\u00f3wienia (<strong>tylko sklep www, e-mail i tylko ustalona ca\u0142kowita przedp\u0142ata<\/strong>).<br \/>\n<span style=\"color: #ff0000;\"><strong>NIE REALIZUJEMY<\/strong><\/span> zam\u00f3wie\u0144 sk\u0142adanych przez <span style=\"color: #ff0000;\"><strong>profil na Facebooku<\/strong><\/span> dla Waszego bezpiecze\u0144stwa (chyba, \u017ce sami to zaproponujemy), poniewa\u017c zainteresowanie przesz\u0142o nasze naj\u015bmielsze :)\u00a0 oczekiwania i bardzo nam zale\u017cy na dotrzymywaniu termin\u00f3w! Przepraszamy i liczymy na wyrozumia\u0142o\u015b\u0107! Chcemy zachowa\u0107 profesjonalne i lojalne podej\u015bcie do klienta!<\/p>\n<p>Zesp\u00f3\u0142 DEKORACJE PLUS<\/p>\n<p>[\/et_pb_text][\/et_pb_column][et_pb_column type=&#8221;1_3&#8243;][et_pb_text admin_label=&#8221;Tekst&#8221; background_layout=&#8221;light&#8221; text_orientation=&#8221;left&#8221; text_font_size=&#8221;14&#8243; use_border_color=&#8221;off&#8221; border_color=&#8221;#ffffff&#8221; border_style=&#8221;solid&#8221;]<\/p>\n<h1><span style=\"color: #c2b3a6;\">Dekoracje Plus <\/span>tel. 533 311 129<\/h1>\n<p><strong>86-005 Bia\u0142e B\u0142ota<\/strong><br \/>\n<strong>ul. Chlebowa 31\/4 (r\u00f3g Chmielnej)<\/strong><\/p>\n<p>mail: <a href=\"mailto:dekoracje.plus@o2.pl\"><strong>dekoracje.plus@o2.pl<\/strong><\/a><\/p>\n<p>[\/et_pb_text][\/et_pb_column][\/et_pb_row][\/et_pb_section]<\/p>\n","protected":false},"excerpt":{"rendered":"<p>[et_pb_section admin_label=&#8221;section&#8221;][et_pb_row admin_label=&#8221;row&#8221;][et_pb_column type=&#8221;2_3&#8243;][et_pb_text admin_label=&#8221;Tekst&#8221; background_layout=&#8221;light&#8221; text_orientation=&#8221;left&#8221; text_font_size=&#8221;14&#8243; use_border_color=&#8221;off&#8221; border_color=&#8221;#ffffff&#8221; border_style=&#8221;solid&#8221;] Kochani, to wa\u017cne! Piecze nad stron\u0105 www.zproszeniaslubwesele.pl sprawuje w ca\u0142o\u015bci Pracownia dekoratorska Marta Donarska b\u0119d\u0105ca tw\u00f3rc\u0105 marki Dekoracje Plus. Na niniejszej stronie znajduje si\u0119 w wi\u0119kszo\u015bci portfolio pracowni Dekoracje Plus z szacunkowymi cenami pogl\u0105dowymi, by\u015bcie mieli podgl\u0105d jaka jest cena wyj\u015bciowa danego produktu. Nasze [&hellip;]<\/p>\n","protected":false},"author":1,"featured_media":0,"parent":0,"menu_order":0,"comment_status":"closed","ping_status":"closed","template":"","meta":{"footnotes":""},"_links":{"self":[{"href":"https:\/\/www.zaproszeniaslubwesele.pl\/index.php?rest_route=\/wp\/v2\/pages\/5654"}],"collection":[{"href":"https:\/\/www.zaproszeniaslubwesele.pl\/index.php?rest_route=\/wp\/v2\/pages"}],"about":[{"href":"https:\/\/www.zaproszeniaslubwesele.pl\/index.php?rest_route=\/wp\/v2\/types\/page"}],"author":[{"embeddable":true,"href":"https:\/\/www.zaproszeniaslubwesele.pl\/index.php?rest_route=\/wp\/v2\/users\/1"}],"replies":[{"embeddable":true,"href":"https:\/\/www.zaproszeniaslubwesele.pl\/index.php?rest_route=%2Fwp%2Fv2%2Fcomments&post=5654"}],"version-history":[{"count":11,"href":"https:\/\/www.zaproszeniaslubwesele.pl\/index.php?rest_route=\/wp\/v2\/pages\/5654\/revisions"}],"predecessor-version":[{"id":6375,"href":"https:\/\/www.zaproszeniaslubwesele.pl\/index.php?rest_route=\/wp\/v2\/pages\/5654\/revisions\/6375"}],"wp:attachment":[{"href":"https:\/\/www.zaproszeniaslubwesele.pl\/index.php?rest_route=%2Fwp%2Fv2%2Fmedia&parent=5654"}],"curies":[{"name":"wp","href":"https:\/\/api.w.org\/{rel}","templated":true}]}}