{"id":446,"date":"2016-03-11T18:02:34","date_gmt":"2016-03-11T18:02:34","guid":{"rendered":"http:\/\/www.zaproszeniaslubwesele.pl\/?page_id=446"},"modified":"2023-11-23T07:21:51","modified_gmt":"2023-11-23T07:21:51","slug":"jak-spersonalizowac","status":"publish","type":"page","link":"https:\/\/www.zaproszeniaslubwesele.pl\/?page_id=446","title":{"rendered":"Jak spersonalizowa\u0107?"},"content":{"rendered":"<p><strong>PERSONALIZACJA (wykonujemy nast\u0119puj\u0105ce personalizacje):<\/strong><br \/>\n&#8211; Pary M\u0142odej,<br \/>\n&#8211; miejsca i daty \u015blubu oraz przyj\u0119cia weselnego,<br \/>\n&#8211; numer\u00f3w telefon\u00f3w przy potwierdzeniu przybycia,<br \/>\n&#8211; na \u017cyczenie pozostawiamy wykropkowane miejsce do samodzielnej personalizacji go\u015bci<\/p>\n<p><strong>Ka\u017cda personalizacja jest Gratis!<\/strong><br \/>\n<strong>Ewentualna zmiana tre\u015bci zaproszenia Gratis!<\/strong><\/p>\n<p>1.<strong> Tre\u015b\u0107 zaproszenia.<\/strong><br \/>\nProponujemy wyb\u00f3r z po\u015br\u00f3d kilku naszych tre\u015bci zaprosze\u0144, jednak je\u015bli \u017cadne nie przypadnie do gusty to prosimy o podes\u0142anie nam na maila tre\u015bci w wersji edytowalnej i ostatecznej (prosimy pami\u0119tajcie, \u017ce za podes\u0142ane b\u0142\u0119dy od Was w tre\u015bci nie ponosimy odpowiedzialno\u015b\u0107, jednak zawsze podsy\u0142amy wn\u0119trza zaprosze\u0144 i innych materia\u0142\u00f3w do akceptacji).<\/p>\n<p>2. <strong>Jak przes\u0142a\u0107 do nas tre\u015bci?<\/strong><br \/>\nTre\u015bci\u00a0nale\u017cy przes\u0142a\u0107 w pliku Word, edytowalny PDF (lub jako inny, edytowalny plik tekstowy), z zachowaniem zasady jeden wiersz (na li\u015bcie) na jedno zaproszenie\/winietk\u0119. Prosimy s\u0142a\u0107 na <strong>e-mail:<\/strong> <a href=\"mailto:dekoracje.plus@o2.pl\">dekoracje.plus@o2.pl<\/a><\/p>\n<p>3. <strong>Warto pomy\u015ble\u0107 o zaproszeniach wykropkowanych?<\/strong><br \/>\nZam\u00f3wienie kilku zaprosze\u0144 z wykropkowanymi miejscami na wpisanie go\u015bci jest zazwyczaj dobrym pomys\u0142em &#8211; najcz\u0119\u015bciej okazuj\u0105 si\u0119 przydatne.<\/p>\n<p>4. <strong>Odmiana listy go\u015bci?<\/strong><br \/>\n&#8211; prosimy o przes\u0142anie listy go\u015bci w\u00a0<strong>ODMIENIONEJ FORMIE<\/strong> tak jak ma to wygl\u0105da\u0107 w zaproszeniu,<br \/>\n&#8211; je\u015bli mamy u\u017cy\u0107 zwrot grzeczno\u015bciowy przy danej osobie\/osobach jak np.<strong> Sz.P. lub Kochanych Rodzic\u00f3w, Kochan\u0105 Babci\u0119&#8230;etc<\/strong> to prosimy o zamieszczenie tego zwrotu w danym wersie przed tymi osobami.<br \/>\n&#8211; je\u015bli tekst zaproszenia wymaga formy mianownikowej, np. &#8222;Mamy nadziej\u0119, i\u017c Sz.P. Lucyna i Tomasz Kowalscy zaszczyc\u0105 sw\u0105 obecno\u015bci\u0105 uroczysto\u015b\u0107 zawarcia zwi\u0105zku ma\u0142\u017ce\u0144skiego przez&#8230;&#8217; &#8211; przesy\u0142amy list\u0119 go\u015bci nieodmienion\u0105;<br \/>\n&#8211; do winietek &#8211; przesy\u0142amy list\u0119 go\u015bci nieodmienion\u0105.<\/p>\n<p>5. <strong>Forma listy:<\/strong><br \/>\n&#8211; lista nie powinna by\u0107 pisana drukowanymi literami<br \/>\n&#8211; bez umieszczenia w tabelkach<br \/>\n&#8211; nie wstawiamy przecink\u00f3w, \u015brednik\u00f3w ani innych znak\u00f3w na ko\u0144cu wiersza<br \/>\n&#8211; lista jest wstawiana automatycznie, na zaproszeniu b\u0119dzie wi\u0119c dok\u0142adnie taki tekst, jaki Pa\u0144stwo prze\u015blecie w li\u015bcie nie piszemy skr\u00f3tami!!!<br \/>\n&#8211; radzimy sprawdzi\u0107 list\u0119 pod k\u0105tem ewentualnych liter\u00f3wek \u2013 PRACOWNIA nie ponosi odpowiedzialno\u015bci za b\u0142\u0119dy w przes\u0142anych listach, sorry!<\/p>\n<p>6.<strong> Zaproszenia dla rodzic\u00f3w:<\/strong><br \/>\n&#8211; prosimy ka\u017cdorazowo przy podawaniu listy go\u015bci o<strong> zaznaczenie swoich rodzic\u00f3w<\/strong> by\u015bmy mogli dopasowa\u0107 indywidualnie tre\u015b\u0107 zaproszenia dla Nich (mo\u017cna dopisa\u0107 nawet sformu\u0142owanie \u2026.serdecznie zapraszaj\u0105 Kochanych Rodzic\u00f3w)<\/p>\n<p><em><strong>Pami\u0119taj! Je\u015bli masz jakie\u015b pytania pisz i dzwo\u0144 do nas:<\/strong><\/em><br \/>\n<strong>e-mail<\/strong>: <a href=\"mailto:dekoracje.plus@o2.pl\">dekoracje.plus@o2.pl<\/a><br \/>\n<strong>TEL<\/strong>:\u00a0 533 311 129<\/p>\n","protected":false},"excerpt":{"rendered":"<p>PERSONALIZACJA (wykonujemy nast\u0119puj\u0105ce personalizacje): &#8211; Pary M\u0142odej, &#8211; miejsca i daty \u015blubu oraz przyj\u0119cia weselnego, &#8211; numer\u00f3w telefon\u00f3w przy potwierdzeniu przybycia, &#8211; na \u017cyczenie pozostawiamy wykropkowane miejsce do samodzielnej personalizacji go\u015bci Ka\u017cda personalizacja jest Gratis! Ewentualna zmiana tre\u015bci zaproszenia Gratis! 1. Tre\u015b\u0107 zaproszenia. Proponujemy wyb\u00f3r z po\u015br\u00f3d kilku naszych tre\u015bci zaprosze\u0144, jednak je\u015bli \u017cadne nie [&hellip;]<\/p>\n","protected":false},"author":1,"featured_media":0,"parent":0,"menu_order":0,"comment_status":"closed","ping_status":"closed","template":"","meta":{"footnotes":""},"_links":{"self":[{"href":"https:\/\/www.zaproszeniaslubwesele.pl\/index.php?rest_route=\/wp\/v2\/pages\/446"}],"collection":[{"href":"https:\/\/www.zaproszeniaslubwesele.pl\/index.php?rest_route=\/wp\/v2\/pages"}],"about":[{"href":"https:\/\/www.zaproszeniaslubwesele.pl\/index.php?rest_route=\/wp\/v2\/types\/page"}],"author":[{"embeddable":true,"href":"https:\/\/www.zaproszeniaslubwesele.pl\/index.php?rest_route=\/wp\/v2\/users\/1"}],"replies":[{"embeddable":true,"href":"https:\/\/www.zaproszeniaslubwesele.pl\/index.php?rest_route=%2Fwp%2Fv2%2Fcomments&post=446"}],"version-history":[{"count":7,"href":"https:\/\/www.zaproszeniaslubwesele.pl\/index.php?rest_route=\/wp\/v2\/pages\/446\/revisions"}],"predecessor-version":[{"id":6083,"href":"https:\/\/www.zaproszeniaslubwesele.pl\/index.php?rest_route=\/wp\/v2\/pages\/446\/revisions\/6083"}],"wp:attachment":[{"href":"https:\/\/www.zaproszeniaslubwesele.pl\/index.php?rest_route=%2Fwp%2Fv2%2Fmedia&parent=446"}],"curies":[{"name":"wp","href":"https:\/\/api.w.org\/{rel}","templated":true}]}}