{"id":2634,"date":"2017-10-24T14:16:14","date_gmt":"2017-10-24T14:16:14","guid":{"rendered":"http:\/\/www.zaproszeniaslubwesele.pl\/?page_id=2634"},"modified":"2021-01-08T20:52:34","modified_gmt":"2021-01-08T20:52:34","slug":"wierszyki-co-zamiast-kwiatow","status":"publish","type":"page","link":"https:\/\/www.zaproszeniaslubwesele.pl\/?page_id=2634","title":{"rendered":"Wierszyki- co zamiast kwiat\u00f3w&#8230;"},"content":{"rendered":"<h2 style=\"text-align: center;\"><span style=\"color: #c2b3a6;\">Propozycje zamiast kwiatk\u00f3w &#8211; wino:<\/span><\/h2>\n<p style=\"text-align: center;\">1.<br \/>\nKwiatki cho\u0107 pi\u0119kne alergi\u0119 wzmagaj\u0105,<br \/>\nmisie pluszowe kurzem osiadaj\u0105.<br \/>\nW zamian o wytrawne wino chcieliby\u015bmy prosi\u0107,<br \/>\nkt\u00f3rym zdrowie go\u015bci<br \/>\njesiennym wieczorem b\u0119dziemy wznosi\u0107.<\/p>\n<p style=\"text-align: center;\">2.<br \/>\nBardzo chcemy wszystkich prosi\u0107 by nam kwiat\u00f3w nie przynosi\u0107<br \/>\nSt\u0105d wiadomo\u015b\u0107 ku publice: Chcemy z winem mie\u0107 piwnic\u0119!<br \/>\nNie koniecznie z winnic s\u0142awnych, za to pe\u0142n\u0105 win p\u00f3\u0142wytrawnych<br \/>\nWina w\u0142oskie, b\u0105d\u017a te\u017c z Chile, zapewni\u0105 nam urocze chwile.<\/p>\n<p style=\"text-align: center;\">3.<br \/>\nSzanowny Go\u015bciu:<br \/>\nZamiast na kwiaty wydawa\u0107 pieni\u0105\u017cki,<br \/>\nPrzynie\u015b prosimy wino lub ksi\u0105\u017cki<\/p>\n<p style=\"text-align: center;\">4.<br \/>\nZamiast kwiat\u00f3w do wazon\u00f3w,<br \/>\nKt\u00f3re uschn\u0105 w naszym domu,<br \/>\nPropozycje mamy tak\u0105:<br \/>\nBy\u015bmy razem wino pili, konwenanse odrzucili,<br \/>\nNiechaj rosn\u0105 nam kwiateczki,<br \/>\nWy przynie\u015bcie wina z beczki.<\/p>\n<p style=\"text-align: center;\">5.<br \/>\nIstnieje zwyczaj przychodzenia z bukietami,<br \/>\nlecz my s\u0142odyczy jeste\u015bmy smakoszami,<br \/>\nwi\u0119c je\u015bli macie ochot\u0119 podarowa\u0107 nam kwiatki,<br \/>\nprzynie\u015bcie zamiast nich wino lub czekoladki.<\/p>\n<p style=\"text-align: center;\">6.<br \/>\nZamiast kwiatk\u00f3w do wazonu, kt\u00f3re uschn\u0105 w naszym domu,<br \/>\nGo\u015bcie Drodzy, Go\u015bcie Mili, propozycj\u0119 mamy tak\u0105:<br \/>\nRado\u015b\u0107 by\u015bcie nam sprawili, zatrzymuj\u0105c czar tej chwili<br \/>\nNie kupujcie kwiatka z wst\u0105\u017ck\u0105 \u2013 obdarujcie jak\u0105\u015b ksi\u0105\u017ck\u0105<br \/>\nPodpisuj\u0105c z wielk\u0105 gracj\u0105 osobist\u0105 dedykacj\u0105<br \/>\nAlbo dobre wino w darze na pomy\u015blno\u015b\u0107 M\u0142odej Parze<\/p>\n<p style=\"text-align: center;\">7.<br \/>\nNasi Kochani Go\u015bcie<br \/>\nKwiatk\u00f3w nam nie przyno\u015bcie<br \/>\nwolimy dosta\u0107 flaszeczk\u0119 wina<br \/>\nb\u0119dzie si\u0119 cieszy\u0107 ca\u0142a rodzina<\/p>\n<p style=\"text-align: center;\">8.<br \/>\nWinoro\u015bl, co roku dorodnym gronem si\u0119 obradza,<br \/>\nby sokiem swym cierpkim nape\u0142ni\u0107 \u015bwiata winnice<br \/>\nM\u0142oda Para Pa\u0144stwu skromnie doradza,<br \/>\naby zamiast kwiat\u00f3w winem nas obdarowa\u0107, by\u015bmy mogli w winiarni\u0119, zamieni\u0107 sw\u0105 piwnice.<\/p>\n<p style=\"text-align: center;\">9.<br \/>\nProsimy kwiat\u00f3w nam nie kupowa\u0107,<br \/>\nlecz butelk\u0105 wina nas obdarowa\u0107.<\/p>\n<p style=\"text-align: center;\">10.<br \/>\nProsimy Was Nasi Mili<br \/>\nAby\u015bcie zamiast kwiatk\u00f3w nam wino sprawili<br \/>\nWina wytrawne, czerwone i bia\u0142e<br \/>\nUmil\u0105 nam wsp\u00f3lne chwile wspania\u0142e<\/p>\n<h2 style=\"text-align: center;\"><span style=\"color: #c2b3a6;\">Propozycje zamiast kwiatk\u00f3w &#8211; ksi\u0105\u017cki:<\/span><\/h2>\n<p style=\"text-align: center;\">1.<br \/>\nWszyscy daj\u0105 M\u0142odym kwiatki:<br \/>\nr\u00f3\u017ce, fio\u0142ki, chabry, bratki.<br \/>\nDla nas najlepsz\u0105 atrakcj\u0105,<br \/>\nb\u0119dzie ksi\u0105\u017cka z dedykacj\u0105<\/p>\n<p style=\"text-align: center;\">2.<br \/>\nSzanowny Go\u015bciu.<br \/>\nZamiast na kwiaty wydawa\u0107 pieni\u0105\u017cki,<br \/>\nprzynie\u015b prosimy, drobne pami\u0105tki lub ksi\u0105\u017cki.<\/p>\n<p style=\"text-align: center;\">3.<br \/>\nZamiast kwiaty nam przynosi\u0107<br \/>\nBowiem wi\u0119dn\u0105 z grawitacj\u0105<br \/>\nDobr\u0105 ksi\u0105\u017ck\u0119 \u015bmiemy prosi\u0107<br \/>\nZ w\u0142asn\u0105 wewn\u0105trz dedykacj\u0105.<\/p>\n<p style=\"text-align: center;\">4.<br \/>\nZamiast kwiatk\u00f3w do wazonu, kt\u00f3re uschn\u0105 w naszym domu,<br \/>\nGo\u015bcie Drodzy, Go\u015bcie Mili, propozycj\u0119 mamy tak\u0105:<br \/>\nRado\u015b\u0107 by\u015bcie nam sprawili, zatrzymuj\u0105c czar tej chwili<br \/>\nNie kupujcie kwiatka z wst\u0105\u017ck\u0105 &#8211; obdarujcie jak\u0105\u015b ksi\u0105\u017ck\u0105<br \/>\nPodpisuj\u0105c z wielk\u0105 gracj\u0105 osobist\u0105 dedykacj\u0105<br \/>\nAlbo dobre wino w darze na pomy\u015blno\u015b\u0107 M\u0142odej Parze<\/p>\n<p style=\"text-align: center;\">5.<br \/>\nChcemy bardzo Wszystkich prosi\u0107 by nam kwiat\u00f3w nie przynosi\u0107.<br \/>\nSt\u0105d wiadomo\u015b\u0107, ku publice, chcemy z winem mie\u0107 piwnic\u0119.<br \/>\nNiekoniecznie z winnic s\u0142anych, za to pe\u0142n\u0105 win wytrawnych,<br \/>\nwina w\u0142oskie, b\u0105d\u017a te\u017c z Chile, co zapewni\u0105 mi\u0142e chwile.<\/p>\n<p style=\"text-align: center;\">6.<br \/>\nJe\u015bli to nie k\u0142opot dla Was Go\u015bcie mili,<br \/>\nprosimy by\u015bcie zamiast kwiat\u00f3w<br \/>\nksi\u0105\u017ck\u0119 z dedykacj\u0105 lub wino nam sprawili.<\/p>\n<p style=\"text-align: center;\">7.<br \/>\nB\u0119dziemy bardzo wdzi\u0119czni,<br \/>\nje\u017celi zamiast kwiat\u00f3w<br \/>\npodarujecie nam Pa\u0144stwo ksi\u0105\u017ck\u0119.<\/p>\n<p style=\"text-align: center;\">8.<br \/>\nZamiast kwiat\u00f3w prosimy Go\u015bci<br \/>\no ksi\u0105\u017cki, kt\u00f3re umil\u0105 nam wieczory z herbatk\u0105.<\/p>\n<p style=\"text-align: center;\">9.<br \/>\nKochani Go\u015bcie,<br \/>\nNa naszej nowej drodze \u017cycia,<br \/>\n\u017byczenie wielkie mamy, i<br \/>\nBiblioteczk\u0119 w naszym domu zak\u0142adamy,<br \/>\nBy m\u00f3c radowa\u0107 si\u0119 czytaniem,<br \/>\nWi\u0119kszej wiedzy zdobywaniem,<br \/>\nBy pokolenie nasze m\u0105drzejsze by\u0142o<br \/>\nW \u017cyciu g\u0142upot nie robi\u0142o<br \/>\nDlatego wielk\u0105 rado\u015b\u0107 nam sprawicie<br \/>\nJe\u015bli ksi\u0105\u017ck\u0105 z Wasz\u0105 dedykacj\u0105 nas obdarzycie.<\/p>\n<p style=\"text-align: center;\">10.<br \/>\nGo\u015bcie kochani,<br \/>\nDobrze nas znacie, dlatego pomys\u0142 ten<br \/>\nTak jak my, bardzo pokochacie:<br \/>\nBiblioteka marze\u0144 w domu za\u0142o\u017cy\u0107 bardzo chcemy<br \/>\nDlatego niezwykle uszcz\u0119\u015bliwieni b\u0119dziemy,<br \/>\nJak w dniu \u015alubu z Wasz\u0105 dedykacj\u0105 ksi\u0105\u017ck\u0119 dostaniemy.<\/p>\n<p style=\"text-align: center;\">11.<br \/>\n\u201eKochani Go\u015bcie,<br \/>\nDla nas wyszukanych prezent\u00f3w nie przyno\u015bcie,<br \/>\ntylko o ksi\u0105\u017cki Was prosimy<br \/>\nswoj\u0105 biblioteczk\u0119 pomno\u017cymy\u201d<\/p>\n<p style=\"text-align: center;\">12.<br \/>\nGo\u015bcie drodzy, go\u015bcie mili,<br \/>\nby\u015bcie kwiatk\u00f3w nie ranili,<br \/>\nksi\u0105\u017cki ch\u0119tnie poczytamy,<br \/>\nna pami\u0105tk\u0119 zachowamy!<\/p>\n<h2 style=\"text-align: center;\"><span style=\"color: #c2b3a6;\">Propozycje zamiast kwiatk\u00f3w &#8211; kupony lotto:<\/span><\/h2>\n<p style=\"text-align: center;\">1.<br \/>\nGo\u015bcie Drodzy, Go\u015bcie Mili.<br \/>\nRado\u015b\u0107 by\u015bcie Nam sprawili<br \/>\nw szcz\u0119\u015bcie nasze inwestuj\u0105c<br \/>\nkupon totka nam daruj\u0105c,<br \/>\noszcz\u0119dzacie kwiat\u00f3w moc,<br \/>\nco by zwi\u0119d\u0142y w jedn\u0105 noc.<\/p>\n<p style=\"text-align: center;\">2.<br \/>\nNiech wiadomym si\u0119 stanie,<br \/>\ni\u017c r\u00f3wnie mocno jak r\u00f3\u017ca,<br \/>\ntulipan czy stokrotka,<br \/>\nuciesz\u0105 nas kupony Du\u017cego Totolotka.<\/p>\n<p style=\"text-align: center;\">3.<br \/>\nGo\u015bcie Drodzy , Go\u015bcie Mili<br \/>\nRado\u015b\u0107 by\u015bcie Nam sprawili,<br \/>\nZamiast kwiatk\u00f3w &#8211; kt\u00f3re zwi\u0119dn\u0105,<br \/>\nCieszy\u0107 oczy kr\u00f3tko b\u0119d\u0105,<br \/>\nNiechaj ka\u017cdy Go\u015b\u0107 jak mo\u017ce,<br \/>\nSzcz\u0119\u015bciu M\u0142odych dopomo\u017ce,<br \/>\nW kolekturze inwestuj\u0105c,<br \/>\nI kupon Lotto nam daruj\u0105c<\/p>\n<p style=\"text-align: center;\">4.<br \/>\nFortuna ko\u0142em si\u0119 toczy,<br \/>\na dzie\u0144 ten ma by\u0107 uroczy<br \/>\ndlatego prosimy Was nasi Mili,<br \/>\nby\u015bcie kupony Lotto kupili i<br \/>\nwype\u0142nione zamiast kwiatk\u00f3w przynie\u015bli,<br \/>\na mo\u017ce tego dnia nam si\u0119 poszcz\u0119\u015bci<br \/>\nTotolotka sami skre\u015blcie<br \/>\nw Dniu Wesela nam przynie\u015bcie<br \/>\nKt\u00f3ry\u015b celnie trafi\u0107 mo\u017ce<br \/>\nGniazdo uwi\u0107 Nam pomo\u017ce<\/p>\n<p style=\"text-align: center;\">5.<br \/>\nZamiast kwiat\u00f3w przynie\u015bcie<br \/>\nNam kupon totolotka<br \/>\nBo szcz\u0119\u015bcie w mi\u0142o\u015bci ju\u017c mamy,<br \/>\nA mo\u017ce i w loterii nas spotka&#8230;?<\/p>\n<p style=\"text-align: center;\">6.<br \/>\nB\u0119dzie nam bardzo mi\u0142o,<br \/>\nje\u017celi zamiast kwiat\u00f3w<br \/>\nobdarujecie nas kuponem lotto b\u0105d\u017a ksi\u0105\u017ck\u0105.<\/p>\n<p style=\"text-align: center;\">7.<br \/>\nDrodzy go\u015bcie, Pa\u0144stwo mili<br \/>\nBy\u015bcie rado\u015b\u0107 nam sprawili:<br \/>\nPo co d\u017awiga\u0107 bukieciki,<br \/>\nlepsze b\u0119d\u0105 kuponiki.<\/p>\n<h2 style=\"text-align: center;\"><span style=\"color: #c2b3a6;\">Propozycje zamiast kwiatk\u00f3w &#8211; dary na Dom Dziecka:<\/span><\/h2>\n<p style=\"text-align: center;\">1.<br \/>\nZamiast kwiat\u00f3w do wazon\u00f3w,<br \/>\nkt\u00f3re uschn\u0105 w naszym domu,<br \/>\npropozycje mamy tak\u0105:<br \/>\nby\u015bcie serca uchylili,<br \/>\nkonwenanse odrzucili,<br \/>\ndali spok\u00f3j z kwieciem w d\u0142oni<br \/>\ni przynie\u015bli: misie, pieski, koraliki,<br \/>\nmalowanki, kredki, farby,<br \/>\nmo\u017ce wielb\u0142\u0105d by\u0107 dwugarbny,<br \/>\nnakr\u0119cany samolocik<br \/>\nalbo ca\u0142y stos \u0142akoci.<br \/>\nMo\u017ce s\u0142odkich kr\u00f3wek worek,<br \/>\nmo\u017ce ma\u0142y by\u0107 traktorek.<br \/>\nCukiereczki, czekoladki<br \/>\ndla dzieciaczk\u00f3w z Dziecka Chatki.<\/p>\n<p style=\"text-align: center;\">2.<br \/>\nBardzo by\u015bmy chcieli,<br \/>\nby w tym dniu uroczym,<br \/>\nby\u0142y u\u015bmiechni\u0119te<br \/>\nczyje\u015b ma\u0142e oczy.<br \/>\nA wi\u0119c zamiast kwiat\u00f3w<br \/>\ndo \u017cycze\u0144 w Ko\u015bciele,<br \/>\ndo\u0142\u0105czcie artyku\u0142y szkolne,<br \/>\nb\u0105d\u017a ksi\u0105\u017cki nasi przyjaciele.<br \/>\nMy do domu dziecka<br \/>\nz nimi pojedziemy<br \/>\ni w Waszym imieniu<br \/>\ndzieciom przeka\u017cemy<\/p>\n<p style=\"text-align: center;\">3.<br \/>\nNasi Kochani Go\u015bcie,<br \/>\nkwiatk\u00f3w nam nie przyno\u015bcie.<br \/>\nWolimy dosta\u0107 pluszaki,<br \/>\nb\u0119d\u0105 si\u0119 cieszy\u0107 ma\u0142e dzieciaki.<\/p>\n<p style=\"text-align: center;\">4.<br \/>\nMi\u0142o nam b\u0119dzie zamiast kwiat\u00f3w<br \/>\nprzyj\u0105\u0107 od Pa\u0144stwa zabawki,<br \/>\nkt\u00f3re zostan\u0105 przekazane dzieciom z Domu Dziecka.<\/p>\n<p style=\"text-align: center;\">5.<br \/>\nKochani Go\u015bcie!<br \/>\nTych, kt\u00f3rzy planuj\u0105 obdarowa\u0107 nas kwiatami, prosimy w zamian o przybory<br \/>\nszkolne, kt\u00f3re przeka\u017cemy najbiedniejszym dzieciom w Parafii<\/p>\n<p style=\"text-align: center;\">6.<br \/>\nDrodzy Go\u015bcie<br \/>\ndla nas kwiat\u00f3w nie przyno\u015bcie,<br \/>\nzamiast ozd\u00f3b tych nietrwa\u0142ych<br \/>\npro\u015bb\u0119 do was wszystkich mamy<br \/>\no s\u0142odycze dzi\u015b prosimy, swoje szcz\u0119\u015bcie podzielimy<br \/>\nw dniu tym dla nas najwa\u017cniejszym<br \/>\ndamy rado\u015b\u0107 r\u00f3wnie\u017c innym<br \/>\ni s\u0142odycze kt\u00f3re chcemy<br \/>\nna dom dziecka przeka\u017cemy!<\/p>\n<p style=\"text-align: center;\">7.<br \/>\nKwiatki cho\u0107 pi\u0119kne szybko przekwitaj\u0105,<br \/>\ndzieci z Domu Dziecka smutne minki maj\u0105.<br \/>\nMy zamiast kwiatk\u00f3w serdecznie prosimy<br \/>\no ma\u0142y suvenir by zmieni\u0107 ich miny.<\/p>\n<p style=\"text-align: center;\">8.<br \/>\nKwiaty szybko wysychaj\u0105, a zabawki rado\u015b\u0107 daj\u0105.<br \/>\nWielu dzieciom ich brakuje, wi\u0119c kto nam je podaruje,<br \/>\nu\u015bmiech malcom sprawi, gdy bez kwiatka si\u0119 pojawi.<\/p>\n<p style=\"text-align: center;\">9.<br \/>\nWszystkich, kt\u00f3rzy pragn\u0119liby obdarowa\u0107 nas kwiatami,<br \/>\nprosimy aby zechcieli zamieni\u0107 ten gest na podarowanie<br \/>\nprzybor\u00f3w szkolnych, kt\u00f3re przeka\u017cemy dla Domu Dziecka.<\/p>\n<h2 style=\"text-align: center;\"><span style=\"color: #c2b3a6;\">Propozycje zamiast kwiatk\u00f3w &#8211; upominki r\u00f3\u017cne:<\/span><\/h2>\n<p style=\"text-align: center;\">1.<br \/>\nR\u00f3wnie mocno jak kwiaty, uciesz\u0105 nas pluszowe maskotki.<\/p>\n<p style=\"text-align: center;\">2.<br \/>\nZamiast nietrwa\u0142ych ci\u0119tych kwiat\u00f3w prosimy was drodzy Go\u015bcie<br \/>\no obdarowanie nas kwiatami doniczkowymi kt\u00f3re d\u0142u\u017cej uciesz\u0105 nasze oczy.<\/p>\n<p style=\"text-align: center;\">3.<br \/>\nBardzo by\u015bmy chcieli,<br \/>\nby w tym dniu uroczym,<br \/>\nby\u0142y u\u015bmiechni\u0119te<br \/>\njakie\u015b ma\u0142e oczy.<br \/>\nA wi\u0119c zamiast kwiat\u00f3w,<br \/>\ndo \u017cycze\u0144 w ko\u015bciele,<br \/>\ndo\u0142\u0105czcie &#8222;jedzonko&#8221; nasi przyjaciele.<br \/>\nMy do piesk\u00f3w i kotk\u00f3w<br \/>\nz nimi pojedziemy<br \/>\ni w Waszym imieniu<br \/>\nschronisku przeka\u017cemy.<\/p>\n<p style=\"text-align: center;\">4.<br \/>\nGo\u015bci, kt\u00f3rzy planuj\u0105 obdarowa\u0107 nas kwiatami<br \/>\nprosimy w zamian o wsparcie<br \/>\ndatkami wolontariuszy, kt\u00f3rzy kwestowa\u0107 b\u0119d\u0105 po mszy \u015bw.<\/p>\n<p style=\"text-align: center;\">5.<br \/>\nAby ul\u017cy\u0107 Wam w udr\u0119ce co za kwiatek da\u0107 nam w r\u0119k\u0119<br \/>\nPara M\u0142oda podpowiada i zarazem pi\u0119knie prosi<br \/>\nBy ten grosik przeznaczony na kwiatka wyda\u0107 na pluszowego puchatka<br \/>\nZa tyle ile ka\u017cdy mo\u017ce za co z g\u00f3ry szcz\u0119\u015b\u0107 Wam Bo\u017ce.<\/p>\n<h2 style=\"text-align: center;\"><span style=\"color: #c2b3a6;\">Propozycje zamiast prezent\u00f3w &#8211; pieni\u0105\u017cki:<\/span><\/h2>\n<p style=\"text-align: center;\">1.<br \/>\nAby ul\u017cy\u0107 Wam udr\u0119k\u0119<br \/>\nco za paczk\u0119 da\u0107 w prezencie<br \/>\nM\u0142oda Para podpowiada,<br \/>\ni zarazem pi\u0119knie prosi, zamiast kwiat\u00f3w i prezent\u00f3w,<br \/>\nby w kopert\u0119 w\u0142o\u017cy\u0107 grosik,<br \/>\ntyle, ile ka\u017cdy mo\u017ce,<br \/>\nza co z g\u00f3ry<br \/>\nSzcz\u0119\u015b\u0107 Wam Bo\u017ce!!<\/p>\n<p style=\"text-align: center;\">2.<br \/>\nAby\u015bcie wiele si\u0119 nie g\u0142owili<br \/>\ni oblicz mi\u0142ych swych nie skrzywili<br \/>\ngdy zobaczycie \u017celazek par\u0119<br \/>\nlepsze pieni\u0105\u017cki &#8211; dajcie nam wiar\u0119.<\/p>\n<p style=\"text-align: center;\">3.<br \/>\nAby ul\u017cy\u0107 Wam w udr\u0119ce<br \/>\nco za paczk\u0119 da\u0107 w prezencie<br \/>\nm\u0142oda Para podpowiada<br \/>\ni zarazem pi\u0119knie prosi<br \/>\nby w kopert\u0119 w\u0142o\u017cy\u0107 grosik<\/p>\n<p style=\"text-align: center;\">4.<br \/>\nPragn\u0105c prze\u0142ama\u0107 tradycje stare,<br \/>\nby nie mie\u0107 na przyk\u0142ad \u017celazek par\u0119<br \/>\ni zaoszcz\u0119dzi\u0107 przemi\u0142ym go\u015bciom<br \/>\n\u0142amania g\u0142\u00f3w nad prezent\u00f3w mnogo\u015bci\u0105<br \/>\npodpowiadamy: mile widziany i bardzo wygodny<br \/>\nb\u0119dzie bilecik ze znakiem wodnym<br \/>\nNARZECZENI<\/p>\n<p style=\"text-align: center;\">5.<br \/>\nGo\u015bciom nisko si\u0119 k\u0142aniamy,<br \/>\nna wesele zapraszamy.<br \/>\nB\u0119d\u0105 pl\u0105sy, ta\u0144ce, bale<br \/>\ni jedzenia stosy ca\u0142e.<br \/>\nWi\u0119c si\u0119 nasi mili stawcie<br \/>\no prezenty si\u0119 nie martwcie.<br \/>\nBy nie stawia\u0107 ich na stercie,<br \/>\nniechaj zmieszcz\u0105 si\u0119 w kopercie.<\/p>\n<p style=\"text-align: center;\">6.<br \/>\nGo\u015bcie nasi ukochani<br \/>\nmy ju\u017c w domu wszystko mamy<br \/>\nchcecie co\u015b nam podarowa\u0107<br \/>\ndajcie \u015bwince si\u0119 radowa\u0107<\/p>\n<p style=\"text-align: center;\">7.<br \/>\nPrezent to jest zawsze k\u0142opot,<br \/>\nCzy ma zegar by\u0107, czy robot?<br \/>\nBy nie pisa\u0107 d\u0142ugich ksi\u0105\u017cek<br \/>\nm\u0142odzi prosz\u0105 o pieni\u0105\u017cek.<\/p>\n<p style=\"text-align: center;\">8.<br \/>\nGo\u015bciom nisko si\u0119 k\u0142aniamy,<br \/>\nna wesele zapraszamy.<br \/>\nB\u0119d\u0105 pl\u0105sy, ta\u0144ce, bale<br \/>\ni jedzenia stosy ca\u0142e.<br \/>\nWi\u0119c si\u0119 nasi mili stawcie<br \/>\no prezenty si\u0119 nie martwcie.<br \/>\nBy nie stawia\u0107 ich na stercie,<br \/>\nniechaj zmieszcz\u0105 si\u0119 w kopercie.<\/p>\n<p style=\"text-align: center;\">9.<br \/>\nNie pragniemy stosowa\u0107 wykr\u0119t\u00f3w,<br \/>\nAle lepiej nam b\u0119dzie bez prezent\u00f3w.<br \/>\nPrzed nami przysz\u0142o\u015b\u0107 \u015bwietlana,<br \/>\nWasz\u0105 got\u00f3wk\u0105 us\u0142ana.<\/p>\n<p style=\"text-align: center;\">10.<br \/>\nSzanowni Go\u015bcie jak sami wiecie,<br \/>\nNic tak nie cieszy na ca\u0142ym \u015bwiecie,<br \/>\nJak d\u017awi\u0119k dukat\u00f3w w sk\u00f3rzanej kiesie,<br \/>\nWiec niech nam nikt prezent\u00f3w nie niesie.<\/p>\n<p style=\"text-align: center;\">11.<br \/>\nCz\u0119sto si\u0119 zdarza,<br \/>\n\u017ce prezent lubi si\u0119 powtarza\u0107.<br \/>\nBy unikn\u0105\u0107 tej udr\u0119ki,<br \/>\nto pieni\u0105dze daj do r\u0119ki<\/p>\n<p style=\"text-align: center;\">12.<br \/>\nJe\u015bli koniecznie z prezentem przyj\u015b\u0107 chcecie,<br \/>\nspytajcie o list\u0119 &#8211; przecie\u017c mo\u017cecie.<\/p>\n<p style=\"text-align: center;\">13.<br \/>\nMamy pro\u015bb\u0119, drodzy Go\u015bcie<br \/>\nwielkich paczek nie przyno\u015bcie!<br \/>\nPo co d\u017awiga\u0107 te ci\u0119\u017cary,<br \/>\ngdy istnieje spos\u00f3b stary<br \/>\nna podarek co szele\u015bci<br \/>\ni si\u0119 \u0142atwo w portfel mie\u015bci.<\/p>\n<p style=\"text-align: center;\">14.<br \/>\nNa wesele przybywajcie<br \/>\nO prezenty si\u0119 nie martwcie.<br \/>\nBy nie sk\u0142ada\u0107 ich na stercie<br \/>\nNiechaj zmieszcz\u0105 si\u0119 w kopercie.<\/p>\n<p style=\"text-align: center;\">15.<br \/>\nNa wesele zapraszamy<br \/>\nbez prezent\u00f3w te\u017c wpuszczamy :)<br \/>\nje\u015bli jednak chcecie co\u015b nam podarowa\u0107<br \/>\nprosimy banknocik do koperty schowa\u0107.<\/p>\n","protected":false},"excerpt":{"rendered":"<p>Propozycje zamiast kwiatk\u00f3w &#8211; wino: 1. Kwiatki cho\u0107 pi\u0119kne alergi\u0119 wzmagaj\u0105, misie pluszowe kurzem osiadaj\u0105. W zamian o wytrawne wino chcieliby\u015bmy prosi\u0107, kt\u00f3rym zdrowie go\u015bci jesiennym wieczorem b\u0119dziemy wznosi\u0107. 2. Bardzo chcemy wszystkich prosi\u0107 by nam kwiat\u00f3w nie przynosi\u0107 St\u0105d wiadomo\u015b\u0107 ku publice: Chcemy z winem mie\u0107 piwnic\u0119! Nie koniecznie z winnic s\u0142awnych, za to [&hellip;]<\/p>\n","protected":false},"author":1,"featured_media":0,"parent":0,"menu_order":0,"comment_status":"closed","ping_status":"closed","template":"","meta":{"footnotes":""},"_links":{"self":[{"href":"https:\/\/www.zaproszeniaslubwesele.pl\/index.php?rest_route=\/wp\/v2\/pages\/2634"}],"collection":[{"href":"https:\/\/www.zaproszeniaslubwesele.pl\/index.php?rest_route=\/wp\/v2\/pages"}],"about":[{"href":"https:\/\/www.zaproszeniaslubwesele.pl\/index.php?rest_route=\/wp\/v2\/types\/page"}],"author":[{"embeddable":true,"href":"https:\/\/www.zaproszeniaslubwesele.pl\/index.php?rest_route=\/wp\/v2\/users\/1"}],"replies":[{"embeddable":true,"href":"https:\/\/www.zaproszeniaslubwesele.pl\/index.php?rest_route=%2Fwp%2Fv2%2Fcomments&post=2634"}],"version-history":[{"count":4,"href":"https:\/\/www.zaproszeniaslubwesele.pl\/index.php?rest_route=\/wp\/v2\/pages\/2634\/revisions"}],"predecessor-version":[{"id":6385,"href":"https:\/\/www.zaproszeniaslubwesele.pl\/index.php?rest_route=\/wp\/v2\/pages\/2634\/revisions\/6385"}],"wp:attachment":[{"href":"https:\/\/www.zaproszeniaslubwesele.pl\/index.php?rest_route=%2Fwp%2Fv2%2Fmedia&parent=2634"}],"curies":[{"name":"wp","href":"https:\/\/api.w.org\/{rel}","templated":true}]}}